{"id":16746,"date":"2015-04-20T14:14:24","date_gmt":"2015-04-20T14:14:24","guid":{"rendered":"http:\/\/leix.es\/contacto\/"},"modified":"2020-08-02T15:39:12","modified_gmt":"2020-08-02T15:39:12","slug":"contact","status":"publish","type":"page","link":"https:\/\/leix.es\/fr\/contact\/","title":{"rendered":"Contact"},"content":{"rendered":"<p>[vc_row css_animation=\u00a0\u00bb\u00a0\u00bb row_type=\u00a0\u00bbrow\u00a0\u00bb use_row_as_full_screen_section=\u00a0\u00bbno\u00a0\u00bb type=\u00a0\u00bbfull_width\u00a0\u00bb angled_section=\u00a0\u00bbno\u00a0\u00bb text_align=\u00a0\u00bbleft\u00a0\u00bb background_image_as_pattern=\u00a0\u00bbwithout_pattern\u00a0\u00bb][vc_column]<div class='google_map_shortcode_holder' style='height:470px;'><div class='qode_google_map' style='height:470px;' id='map_canvas_49740' data-addresses='[\"Leix. Pol\u00edgono Industrial Can Jard\u00ed. Passatge Strauss, 7 - 11, 08191 Rub\u00ed, Barcelona\"]' data-custom-map-style='true' data-color-overlay='#a21114' data-saturation='0' data-lightness='0' data-zoom='17' data-pin='https:\/\/leix.es\/wp-content\/uploads\/2018\/06\/pin-cuadrado-localizacion-leix.png' data-unique-id='49740' data-google-maps-scroll-wheel='false' data-snazzy-map-style='no' data-map-height='470'><\/div><div class='google_map_shortcode_overlay'><\/div><\/div>[\/vc_column][\/vc_row][vc_row css_animation=\u00a0\u00bb\u00a0\u00bb row_type=\u00a0\u00bbrow\u00a0\u00bb use_row_as_full_screen_section=\u00a0\u00bbno\u00a0\u00bb type=\u00a0\u00bbgrid\u00a0\u00bb angled_section=\u00a0\u00bbno\u00a0\u00bb text_align=\u00a0\u00bbleft\u00a0\u00bb background_image_as_pattern=\u00a0\u00bbwithout_pattern\u00a0\u00bb padding_top=\u00a0\u00bb100&Prime; padding_bottom=\u00a0\u00bb100&Prime; z_index=\u00a0\u00bb\u00a0\u00bb][vc_column width=\u00a0\u00bb1\/3&Prime; offset=\u00a0\u00bbvc_col-lg-offset-0 vc_col-md-offset-0 vc_col-sm-offset-0&Prime;][vc_column_text css=\u00a0\u00bb.vc_custom_1553865386433{padding-bottom: 25px !important;}\u00a0\u00bb]<\/p>\n<h3>Nos emplacements<\/h3>\n<p>[\/vc_column_text][vc_column_text css=\u00a0\u00bb.vc_custom_1553865428409{padding-bottom: 25px !important;}\u00a0\u00bb]<strong>Exposition<\/strong><\/p>\n<p>C\/ Aribau, 245<\/p>\n<p>08022 &#8211; Barcelone<\/p>\n<p>T\u00e9l.: <a href=\"tel: +34932021046\">+34 93 202 10 46<\/a>[\/vc_column_text][vc_column_text]<strong>Usine<\/strong><\/p>\n<p>Pol\u00edgono Industrial Can Jard\u00ed<\/p>\n<p>Passatge Strauss, 7-11<\/p>\n<p>08191 &#8211; Rub\u00ed (Barcelone) &#8211; ESPAGNE<\/p>\n<p>T\u00e9l\u00e9phone: <a href=\"tel: +34936998561\">+34 93 699 85 61<\/a><\/p>\n<p>FAX: +34 93 699 87 52<\/p>\n<p>E-mail: <a href=\"mailto:info@leix.es\">info@leix.es<\/a>[\/vc_column_text][vc_row_inner row_type=\u00a0\u00bbrow\u00a0\u00bb type=\u00a0\u00bbfull_width\u00a0\u00bb text_align=\u00a0\u00bbleft\u00a0\u00bb css_animation=\u00a0\u00bb\u00a0\u00bb css=\u00a0\u00bb.vc_custom_1524570466208{padding-top: 25px !important;}\u00a0\u00bb][vc_column_inner]<span class='q_social_icon_holder normal_social' ><a itemprop='url' href='https:\/\/www.facebook.com\/cocinasleix\/' target='_blank'><span aria-hidden=\"true\" class=\"qode_icon_font_elegant social_facebook fa-lg simple_social\" style=\"\" ><\/span><\/a><\/span><span class='q_social_icon_holder normal_social' ><a itemprop='url' href='https:\/\/g.co\/kgs\/ZahLEc' target='_blank'><span aria-hidden=\"true\" class=\"qode_icon_font_elegant social_googleplus fa-lg simple_social\" style=\"\" ><\/span><\/a><\/span><span class='q_social_icon_holder normal_social' ><a itemprop='url' href='https:\/\/www.instagram.com\/cocinasleix\/' target='_blank'><i class=\"qode_icon_font_awesome fa fa-instagram fa-lg simple_social\" style=\"\" ><\/i><\/a><\/span><span class='q_social_icon_holder normal_social' ><a itemprop='url' href='https:\/\/www.pinterest.es\/cocinasleix\/' target='_blank'><i class=\"qode_icon_font_awesome fa fa-pinterest-p fa-lg simple_social\" style=\"\" ><\/i><\/a><\/span>[\/vc_column_inner][\/vc_row_inner][vc_empty_space][\/vc_column][vc_column width=\u00a0\u00bb2\/3&Prime;][vc_column_text css=\u00a0\u00bb.vc_custom_1553873346484{padding-bottom: 25px !important;}\u00a0\u00bb]<\/p>\n<h3>Nous \u00e9crire<\/h3>\n<p>[\/vc_column_text]<div role=\"form\" class=\"wpcf7\" id=\"wpcf7-f16750-o1\" lang=\"en-US\" dir=\"ltr\">\n<div class=\"screen-reader-response\"><\/div>\n<form action=\"\/fr\/wp-json\/wp\/v2\/pages\/16746\/#wpcf7-f16750-o1\" method=\"post\" class=\"wpcf7-form cf7_custom_style_1\" novalidate=\"novalidate\">\n<div style=\"display: none;\">\n<input type=\"hidden\" name=\"_wpcf7\" value=\"16750\" \/>\n<input type=\"hidden\" name=\"_wpcf7_version\" value=\"5.1.7\" \/>\n<input type=\"hidden\" name=\"_wpcf7_locale\" value=\"en_US\" \/>\n<input type=\"hidden\" name=\"_wpcf7_unit_tag\" value=\"wpcf7-f16750-o1\" \/>\n<input type=\"hidden\" name=\"_wpcf7_container_post\" value=\"0\" \/>\n<\/div>\n<div class=\"two_columns_50_50 clearfix\">\n<div class=\"column1\">\n<div class=\"column_inner\">\n   <span class=\"wpcf7-form-control-wrap first-name\"><input type=\"text\" name=\"first-name\" value=\"\" size=\"40\" class=\"wpcf7-form-control wpcf7-text wpcf7-validates-as-required\" aria-required=\"true\" aria-invalid=\"false\" placeholder=\"Pr\u00e9nom*\" \/><\/span>\n  <\/div><\/div>\n<div class=\"column2\">\n<div class=\"column_inner\">\n   <span class=\"wpcf7-form-control-wrap your-phone\"><input type=\"tel\" name=\"your-phone\" value=\"\" size=\"40\" class=\"wpcf7-form-control wpcf7-text wpcf7-tel wpcf7-validates-as-tel\" aria-invalid=\"false\" placeholder=\"T\u00e9l\u00e9phone\" \/><\/span>\n  <\/div><\/div>\n<\/div>\n<div class=\"two_columns_50_50 clearfix\">\n<div class=\"column1\">\n<div class=\"column_inner\">\n   <span class=\"wpcf7-form-control-wrap your-email\"><input type=\"email\" name=\"your-email\" value=\"\" size=\"40\" class=\"wpcf7-form-control wpcf7-text wpcf7-email wpcf7-validates-as-required wpcf7-validates-as-email\" aria-required=\"true\" aria-invalid=\"false\" placeholder=\"E-mail*\" \/><\/span>\n  <\/div><\/div>\n<div class=\"column2\">\n<div class=\"column_inner\">\n   <span class=\"wpcf7-form-control-wrap your-subject\"><input type=\"text\" name=\"your-subject\" value=\"\" size=\"40\" class=\"wpcf7-form-control wpcf7-text wpcf7-validates-as-required\" aria-required=\"true\" aria-invalid=\"false\" placeholder=\"Sujet*\" \/><\/span>\n  <\/div><\/div>\n<\/div>\n<div><span class=\"wpcf7-form-control-wrap your-message\"><textarea name=\"your-message\" cols=\"40\" rows=\"5\" class=\"wpcf7-form-control wpcf7-textarea wpcf7-validates-as-required\" aria-required=\"true\" aria-invalid=\"false\" placeholder=\"Dites-nous en quoi nous pouvons vous aider...*\"><\/textarea><\/span><\/div>\n<div><span class=\"wpcf7-form-control-wrap aceptacion\"><span class=\"wpcf7-form-control wpcf7-acceptance\"><span class=\"wpcf7-list-item\"><input type=\"checkbox\" name=\"aceptacion\" value=\"1\" aria-invalid=\"false\" \/><\/span><\/span><\/span> J'ai lu, compris et accept\u00e9 la <a href=\"\/fr\/politique-de-confidentialite\/\" target=\"_self\">politique de confidentialit\u00e9<\/a><\/div>\n<div style=\"padding-top: 20px;\"><input type=\"submit\" value=\"Envoyer\" class=\"wpcf7-form-control wpcf7-submit\" \/><\/div>\n<div class=\"wpcf7-response-output wpcf7-display-none\"><\/div><\/form><\/div>[\/vc_column][\/vc_row][vc_row css_animation=\u00a0\u00bb\u00a0\u00bb row_type=\u00a0\u00bbrow\u00a0\u00bb use_row_as_full_screen_section=\u00a0\u00bbno\u00a0\u00bb type=\u00a0\u00bbfull_width\u00a0\u00bb angled_section=\u00a0\u00bbno\u00a0\u00bb text_align=\u00a0\u00bbcenter\u00a0\u00bb background_image_as_pattern=\u00a0\u00bbwithout_pattern\u00a0\u00bb padding_top=\u00a0\u00bb62&Prime; padding_bottom=\u00a0\u00bb63&Prime; css=\u00a0\u00bb.vc_custom_1524658204710{background-color: #323231 !important;}\u00a0\u00bb z_index=\u00a0\u00bb\u00a0\u00bb][vc_column][vc_column_text]<\/p>\n<h4>Contactez-nous et nous serons heureux de vous aider sans engagement.<\/h4>\n<p>[\/vc_column_text][\/vc_column][\/vc_row]<\/p>\n","protected":false},"excerpt":{"rendered":"<p>[vc_row css_animation=\u00a0\u00bb\u00a0\u00bb row_type=\u00a0\u00bbrow\u00a0\u00bb use_row_as_full_screen_section=\u00a0\u00bbno\u00a0\u00bb type=\u00a0\u00bbfull_width\u00a0\u00bb angled_section=\u00a0\u00bbno\u00a0\u00bb text_align=\u00a0\u00bbleft\u00a0\u00bb background_image_as_pattern=\u00a0\u00bbwithout_pattern\u00a0\u00bb][vc_column][\/vc_column][\/vc_row][vc_row css_animation=\u00a0\u00bb\u00a0\u00bb row_type=\u00a0\u00bbrow\u00a0\u00bb use_row_as_full_screen_section=\u00a0\u00bbno\u00a0\u00bb type=\u00a0\u00bbgrid\u00a0\u00bb angled_section=\u00a0\u00bbno\u00a0\u00bb text_align=\u00a0\u00bbleft\u00a0\u00bb background_image_as_pattern=\u00a0\u00bbwithout_pattern\u00a0\u00bb padding_top=\u00a0\u00bb100&Prime; padding_bottom=\u00a0\u00bb100&Prime; z_index=\u00a0\u00bb\u00a0\u00bb][vc_column width=\u00a0\u00bb1\/3&Prime; offset=\u00a0\u00bbvc_col-lg-offset-0 vc_col-md-offset-0 vc_col-sm-offset-0&Prime;][vc_column_text css=\u00a0\u00bb.vc_custom_1553865386433{padding-bottom: 25px !important;}\u00a0\u00bb] Nos emplacements [\/vc_column_text][vc_column_text css=\u00a0\u00bb.vc_custom_1553865428409{padding-bottom: 25px !important;}\u00a0\u00bb]Exposition C\/ Aribau, 245 08022 &#8211; Barcelone T\u00e9l.: +34 93 202 10 46[\/vc_column_text][vc_column_text]Usine Pol\u00edgono Industrial&#8230;<\/p>\n","protected":false},"author":1,"featured_media":0,"parent":0,"menu_order":0,"comment_status":"open","ping_status":"open","template":"full_width.php","meta":[],"_links":{"self":[{"href":"https:\/\/leix.es\/fr\/wp-json\/wp\/v2\/pages\/16746\/"}],"collection":[{"href":"https:\/\/leix.es\/fr\/wp-json\/wp\/v2\/pages\/"}],"about":[{"href":"https:\/\/leix.es\/fr\/wp-json\/wp\/v2\/types\/page\/"}],"author":[{"embeddable":true,"href":"https:\/\/leix.es\/fr\/wp-json\/wp\/v2\/users\/1\/"}],"replies":[{"embeddable":true,"href":"https:\/\/leix.es\/fr\/wp-json\/wp\/v2\/comments\/?post=16746"}],"version-history":[{"count":6,"href":"https:\/\/leix.es\/fr\/wp-json\/wp\/v2\/pages\/16746\/revisions\/"}],"predecessor-version":[{"id":16820,"href":"https:\/\/leix.es\/fr\/wp-json\/wp\/v2\/pages\/16746\/revisions\/16820\/"}],"wp:attachment":[{"href":"https:\/\/leix.es\/fr\/wp-json\/wp\/v2\/media\/?parent=16746"}],"curies":[{"name":"wp","href":"https:\/\/api.w.org\/{rel}","templated":true}]}}