{"id":16358,"date":"2018-04-23T20:50:51","date_gmt":"2018-04-23T20:50:51","guid":{"rendered":"http:\/\/leix.es\/nuestras-cocinas\/exposicion\/"},"modified":"2019-04-01T12:24:02","modified_gmt":"2019-04-01T12:24:02","slug":"exposition","status":"publish","type":"page","link":"https:\/\/leix.es\/fr\/nos-cuisines\/exposition\/","title":{"rendered":"Exposition"},"content":{"rendered":"<p>[vc_row css_animation=\u00a0\u00bb\u00a0\u00bb row_type=\u00a0\u00bbrow\u00a0\u00bb use_row_as_full_screen_section=\u00a0\u00bbno\u00a0\u00bb type=\u00a0\u00bbgrid\u00a0\u00bb angled_section=\u00a0\u00bbno\u00a0\u00bb text_align=\u00a0\u00bbleft\u00a0\u00bb background_image_as_pattern=\u00a0\u00bbwithout_pattern\u00a0\u00bb z_index=\u00a0\u00bb\u00a0\u00bb css=\u00a0\u00bb.vc_custom_1526398715072{padding-bottom: 60px !important;}\u00a0\u00bb][vc_column][vc_column_text css=\u00a0\u00bb.vc_custom_1553795707148{padding-bottom: 50px !important;}\u00a0\u00bb]<\/p>\n<p style=\"font-size: 18px; text-align: center;\">Design, fonctionnalit\u00e9, qualit\u00e9, mat\u00e9riaux et accessoires en parfaite harmonie et conjonction. Chaque d\u00e9tail est \u00e9tudi\u00e9 et r\u00e9fl\u00e9chi. Chaque meuble est fabriqu\u00e9 consciencieusement. Chaque composant est v\u00e9rifi\u00e9 et sa qualit\u00e9 est attest\u00e9e. A <strong><span style=\"font-family: 'Oswald', sans-serif; color: #323231;\">l&rsquo;eix\u00a0<\/span><\/strong>nous fabriquons beaucoup plus que des cuisines. Nous cr\u00e9ons des espaces uniques pour vivre et profiter. Nous concevons et fabriquons la cuisine de votre choix, la cuisine que vous aimez, la cuisine dont vous avez besoin\u2026 la cuisine que vous imaginez.<\/p>\n<p>[\/vc_column_text]<div class='projects_holder_outer v4 portfolio_no_space portfolio_standard'><div class='projects_holder portfolio_main_holder clearfix v4 standard_no_space portfolio_full_image '>\n<article class='mix portfolio_category_143 ' style=''><div class='image_holder'><a itemprop='url' class='portfolio_link_for_touch' href='https:\/\/leix.es\/fr\/portfolio_page\/sena\/' target='_self'><span class='image'><img width=\"793\" height=\"510\" src=\"https:\/\/leix.es\/wp-content\/uploads\/2013\/10\/Sena_C1.jpg\" class=\"attachment-full size-full wp-post-image\" alt=\"\" loading=\"lazy\" srcset=\"https:\/\/leix.es\/wp-content\/uploads\/2013\/10\/Sena_C1.jpg 793w, https:\/\/leix.es\/wp-content\/uploads\/2013\/10\/Sena_C1-300x193.jpg 300w, https:\/\/leix.es\/wp-content\/uploads\/2013\/10\/Sena_C1-768x494.jpg 768w, https:\/\/leix.es\/wp-content\/uploads\/2013\/10\/Sena_C1-700x450.jpg 700w\" sizes=\"(max-width: 793px) 100vw, 793px\" \/><\/span><\/a><span class='text_holder'><span class='text_outer'><span class='text_inner'><span class='feature_holder'><span class=\"feature_holder_icons\"><a itemprop='url' class='preview qbutton small white' href='https:\/\/leix.es\/fr\/portfolio_page\/sena\/' target='_self'>voir<\/a><\/span><\/span><\/span><\/span><\/span><\/div><div class='portfolio_description text_align_center'style=background-color:#f2f2f2;'><h5 itemprop=\"name\" class=\"portfolio_title entry_title\"><a itemprop=\"url\" href=\"https:\/\/leix.es\/fr\/portfolio_page\/sena\/\"  target=\"_self\">Sena<\/a><\/h5><\/div><\/article>\n<article class='mix portfolio_category_143 ' style=''><div class='image_holder'><a itemprop='url' class='portfolio_link_for_touch' href='https:\/\/leix.es\/fr\/portfolio_page\/dauro\/' target='_self'><span class='image'><img width=\"793\" height=\"510\" src=\"https:\/\/leix.es\/wp-content\/uploads\/2018\/04\/Dauro_C9.jpg\" class=\"attachment-full size-full wp-post-image\" alt=\"\" loading=\"lazy\" srcset=\"https:\/\/leix.es\/wp-content\/uploads\/2018\/04\/Dauro_C9.jpg 793w, https:\/\/leix.es\/wp-content\/uploads\/2018\/04\/Dauro_C9-300x193.jpg 300w, https:\/\/leix.es\/wp-content\/uploads\/2018\/04\/Dauro_C9-768x494.jpg 768w, https:\/\/leix.es\/wp-content\/uploads\/2018\/04\/Dauro_C9-700x450.jpg 700w\" sizes=\"(max-width: 793px) 100vw, 793px\" \/><\/span><\/a><span class='text_holder'><span class='text_outer'><span class='text_inner'><span class='feature_holder'><span class=\"feature_holder_icons\"><a itemprop='url' class='preview qbutton small white' href='https:\/\/leix.es\/fr\/portfolio_page\/dauro\/' target='_self'>voir<\/a><\/span><\/span><\/span><\/span><\/span><\/div><div class='portfolio_description text_align_center'style=background-color:#f2f2f2;'><h5 itemprop=\"name\" class=\"portfolio_title entry_title\"><a itemprop=\"url\" href=\"https:\/\/leix.es\/fr\/portfolio_page\/dauro\/\"  target=\"_self\">Dauro<\/a><\/h5><\/div><\/article>\n<article class='mix portfolio_category_143 ' style=''><div class='image_holder'><a itemprop='url' class='portfolio_link_for_touch' href='https:\/\/leix.es\/fr\/portfolio_page\/dauro-st\/' target='_self'><span class='image'><img width=\"793\" height=\"510\" src=\"https:\/\/leix.es\/wp-content\/uploads\/2018\/04\/Dauro-LMD_C4.jpg\" class=\"attachment-full size-full wp-post-image\" alt=\"\" loading=\"lazy\" srcset=\"https:\/\/leix.es\/wp-content\/uploads\/2018\/04\/Dauro-LMD_C4.jpg 793w, https:\/\/leix.es\/wp-content\/uploads\/2018\/04\/Dauro-LMD_C4-300x193.jpg 300w, https:\/\/leix.es\/wp-content\/uploads\/2018\/04\/Dauro-LMD_C4-768x494.jpg 768w, https:\/\/leix.es\/wp-content\/uploads\/2018\/04\/Dauro-LMD_C4-700x450.jpg 700w\" sizes=\"(max-width: 793px) 100vw, 793px\" \/><\/span><\/a><span class='text_holder'><span class='text_outer'><span class='text_inner'><span class='feature_holder'><span class=\"feature_holder_icons\"><a itemprop='url' class='preview qbutton small white' href='https:\/\/leix.es\/fr\/portfolio_page\/dauro-st\/' target='_self'>voir<\/a><\/span><\/span><\/span><\/span><\/span><\/div><div class='portfolio_description text_align_center'style=background-color:#f2f2f2;'><h5 itemprop=\"name\" class=\"portfolio_title entry_title\"><a itemprop=\"url\" href=\"https:\/\/leix.es\/fr\/portfolio_page\/dauro-st\/\"  target=\"_self\">Dauro ST<\/a><\/h5><\/div><\/article>\n<article class='mix portfolio_category_143 ' style=''><div class='image_holder'><a itemprop='url' class='portfolio_link_for_touch' href='https:\/\/leix.es\/fr\/portfolio_page\/quattro\/' target='_self'><span class='image'><img width=\"793\" height=\"510\" src=\"https:\/\/leix.es\/wp-content\/uploads\/2018\/04\/Quattro_C1.jpg\" class=\"attachment-full size-full wp-post-image\" alt=\"\" loading=\"lazy\" srcset=\"https:\/\/leix.es\/wp-content\/uploads\/2018\/04\/Quattro_C1.jpg 793w, https:\/\/leix.es\/wp-content\/uploads\/2018\/04\/Quattro_C1-300x193.jpg 300w, https:\/\/leix.es\/wp-content\/uploads\/2018\/04\/Quattro_C1-768x494.jpg 768w, https:\/\/leix.es\/wp-content\/uploads\/2018\/04\/Quattro_C1-700x450.jpg 700w\" sizes=\"(max-width: 793px) 100vw, 793px\" \/><\/span><\/a><span class='text_holder'><span class='text_outer'><span class='text_inner'><span class='feature_holder'><span class=\"feature_holder_icons\"><a itemprop='url' class='preview qbutton small white' href='https:\/\/leix.es\/fr\/portfolio_page\/quattro\/' target='_self'>voir<\/a><\/span><\/span><\/span><\/span><\/span><\/div><div class='portfolio_description text_align_center'style=background-color:#f2f2f2;'><h5 itemprop=\"name\" class=\"portfolio_title entry_title\"><a itemprop=\"url\" href=\"https:\/\/leix.es\/fr\/portfolio_page\/quattro\/\"  target=\"_self\">Quattro<\/a><\/h5><\/div><\/article>\n<article class='mix portfolio_category_143 ' style=''><div class='image_holder'><a itemprop='url' class='portfolio_link_for_touch' href='https:\/\/leix.es\/fr\/portfolio_page\/quattro-st-cristal-st\/' target='_self'><span class='image'><img width=\"793\" height=\"510\" src=\"https:\/\/leix.es\/wp-content\/uploads\/2018\/04\/QuattroST_c2.jpg\" class=\"attachment-full size-full wp-post-image\" alt=\"\" loading=\"lazy\" srcset=\"https:\/\/leix.es\/wp-content\/uploads\/2018\/04\/QuattroST_c2.jpg 793w, https:\/\/leix.es\/wp-content\/uploads\/2018\/04\/QuattroST_c2-300x193.jpg 300w, https:\/\/leix.es\/wp-content\/uploads\/2018\/04\/QuattroST_c2-768x494.jpg 768w, https:\/\/leix.es\/wp-content\/uploads\/2018\/04\/QuattroST_c2-700x450.jpg 700w\" sizes=\"(max-width: 793px) 100vw, 793px\" \/><\/span><\/a><span class='text_holder'><span class='text_outer'><span class='text_inner'><span class='feature_holder'><span class=\"feature_holder_icons\"><a itemprop='url' class='preview qbutton small white' href='https:\/\/leix.es\/fr\/portfolio_page\/quattro-st-cristal-st\/' target='_self'>voir<\/a><\/span><\/span><\/span><\/span><\/span><\/div><div class='portfolio_description text_align_center'style=background-color:#f2f2f2;'><h5 itemprop=\"name\" class=\"portfolio_title entry_title\"><a itemprop=\"url\" href=\"https:\/\/leix.es\/fr\/portfolio_page\/quattro-st-cristal-st\/\"  target=\"_self\">Quattro ST cristal ST<\/a><\/h5><\/div><\/article>\n<article class='mix portfolio_category_143 ' style=''><div class='image_holder'><a itemprop='url' class='portfolio_link_for_touch' href='https:\/\/leix.es\/fr\/portfolio_page\/ebel\/' target='_self'><span class='image'><img width=\"793\" height=\"510\" src=\"https:\/\/leix.es\/wp-content\/uploads\/2018\/04\/Ebel_C3.jpg\" class=\"attachment-full size-full wp-post-image\" alt=\"\" loading=\"lazy\" srcset=\"https:\/\/leix.es\/wp-content\/uploads\/2018\/04\/Ebel_C3.jpg 793w, https:\/\/leix.es\/wp-content\/uploads\/2018\/04\/Ebel_C3-300x193.jpg 300w, https:\/\/leix.es\/wp-content\/uploads\/2018\/04\/Ebel_C3-768x494.jpg 768w, https:\/\/leix.es\/wp-content\/uploads\/2018\/04\/Ebel_C3-700x450.jpg 700w\" sizes=\"(max-width: 793px) 100vw, 793px\" \/><\/span><\/a><span class='text_holder'><span class='text_outer'><span class='text_inner'><span class='feature_holder'><span class=\"feature_holder_icons\"><a itemprop='url' class='preview qbutton small white' href='https:\/\/leix.es\/fr\/portfolio_page\/ebel\/' target='_self'>voir<\/a><\/span><\/span><\/span><\/span><\/span><\/div><div class='portfolio_description text_align_center'style=background-color:#f2f2f2;'><h5 itemprop=\"name\" class=\"portfolio_title entry_title\"><a itemprop=\"url\" href=\"https:\/\/leix.es\/fr\/portfolio_page\/ebel\/\"  target=\"_self\">Ebel<\/a><\/h5><\/div><\/article>\n<article class='mix portfolio_category_143 ' style=''><div class='image_holder'><a itemprop='url' class='portfolio_link_for_touch' href='https:\/\/leix.es\/fr\/portfolio_page\/ebel-st\/' target='_self'><span class='image'><img width=\"793\" height=\"510\" src=\"https:\/\/leix.es\/wp-content\/uploads\/2018\/04\/EbelST_C4.jpg\" class=\"attachment-full size-full wp-post-image\" alt=\"\" loading=\"lazy\" srcset=\"https:\/\/leix.es\/wp-content\/uploads\/2018\/04\/EbelST_C4.jpg 793w, https:\/\/leix.es\/wp-content\/uploads\/2018\/04\/EbelST_C4-300x193.jpg 300w, https:\/\/leix.es\/wp-content\/uploads\/2018\/04\/EbelST_C4-768x494.jpg 768w, https:\/\/leix.es\/wp-content\/uploads\/2018\/04\/EbelST_C4-700x450.jpg 700w\" sizes=\"(max-width: 793px) 100vw, 793px\" \/><\/span><\/a><span class='text_holder'><span class='text_outer'><span class='text_inner'><span class='feature_holder'><span class=\"feature_holder_icons\"><a itemprop='url' class='preview qbutton small white' href='https:\/\/leix.es\/fr\/portfolio_page\/ebel-st\/' target='_self'>voir<\/a><\/span><\/span><\/span><\/span><\/span><\/div><div class='portfolio_description text_align_center'style=background-color:#f2f2f2;'><h5 itemprop=\"name\" class=\"portfolio_title entry_title\"><a itemprop=\"url\" href=\"https:\/\/leix.es\/fr\/portfolio_page\/ebel-st\/\"  target=\"_self\">Ebel ST<\/a><\/h5><\/div><\/article>\n<article class='mix portfolio_category_143 ' style=''><div class='image_holder'><a itemprop='url' class='portfolio_link_for_touch' href='https:\/\/leix.es\/fr\/portfolio_page\/boston\/' target='_self'><span class='image'><img width=\"793\" height=\"510\" src=\"https:\/\/leix.es\/wp-content\/uploads\/2018\/04\/Boston_C1.jpg\" class=\"attachment-full size-full wp-post-image\" alt=\"\" loading=\"lazy\" srcset=\"https:\/\/leix.es\/wp-content\/uploads\/2018\/04\/Boston_C1.jpg 793w, https:\/\/leix.es\/wp-content\/uploads\/2018\/04\/Boston_C1-300x193.jpg 300w, https:\/\/leix.es\/wp-content\/uploads\/2018\/04\/Boston_C1-768x494.jpg 768w, https:\/\/leix.es\/wp-content\/uploads\/2018\/04\/Boston_C1-700x450.jpg 700w\" sizes=\"(max-width: 793px) 100vw, 793px\" \/><\/span><\/a><span class='text_holder'><span class='text_outer'><span class='text_inner'><span class='feature_holder'><span class=\"feature_holder_icons\"><a itemprop='url' class='preview qbutton small white' href='https:\/\/leix.es\/fr\/portfolio_page\/boston\/' target='_self'>voir<\/a><\/span><\/span><\/span><\/span><\/span><\/div><div class='portfolio_description text_align_center'style=background-color:#f2f2f2;'><h5 itemprop=\"name\" class=\"portfolio_title entry_title\"><a itemprop=\"url\" href=\"https:\/\/leix.es\/fr\/portfolio_page\/boston\/\"  target=\"_self\">Boston<\/a><\/h5><\/div><\/article>\n<article class='mix portfolio_category_143 ' style=''><div class='image_holder'><a itemprop='url' class='portfolio_link_for_touch' href='https:\/\/leix.es\/fr\/portfolio_page\/toscana\/' target='_self'><span class='image'><img width=\"793\" height=\"510\" src=\"https:\/\/leix.es\/wp-content\/uploads\/2018\/04\/Toscana_C3.jpg\" class=\"attachment-full size-full wp-post-image\" alt=\"\" loading=\"lazy\" srcset=\"https:\/\/leix.es\/wp-content\/uploads\/2018\/04\/Toscana_C3.jpg 793w, https:\/\/leix.es\/wp-content\/uploads\/2018\/04\/Toscana_C3-300x193.jpg 300w, https:\/\/leix.es\/wp-content\/uploads\/2018\/04\/Toscana_C3-768x494.jpg 768w, https:\/\/leix.es\/wp-content\/uploads\/2018\/04\/Toscana_C3-700x450.jpg 700w\" sizes=\"(max-width: 793px) 100vw, 793px\" \/><\/span><\/a><span class='text_holder'><span class='text_outer'><span class='text_inner'><span class='feature_holder'><span class=\"feature_holder_icons\"><a itemprop='url' class='preview qbutton small white' href='https:\/\/leix.es\/fr\/portfolio_page\/toscana\/' target='_self'>voir<\/a><\/span><\/span><\/span><\/span><\/span><\/div><div class='portfolio_description text_align_center'style=background-color:#f2f2f2;'><h5 itemprop=\"name\" class=\"portfolio_title entry_title\"><a itemprop=\"url\" href=\"https:\/\/leix.es\/fr\/portfolio_page\/toscana\/\"  target=\"_self\">Toscana<\/a><\/h5><\/div><\/article>\n<article class='mix portfolio_category_143 ' style=''><div class='image_holder'><a itemprop='url' class='portfolio_link_for_touch' href='https:\/\/leix.es\/fr\/portfolio_page\/aran\/' target='_self'><span class='image'><img width=\"793\" height=\"510\" src=\"https:\/\/leix.es\/wp-content\/uploads\/2018\/04\/Aran_C4.jpg\" class=\"attachment-full size-full wp-post-image\" alt=\"\" loading=\"lazy\" srcset=\"https:\/\/leix.es\/wp-content\/uploads\/2018\/04\/Aran_C4.jpg 793w, https:\/\/leix.es\/wp-content\/uploads\/2018\/04\/Aran_C4-300x193.jpg 300w, https:\/\/leix.es\/wp-content\/uploads\/2018\/04\/Aran_C4-768x494.jpg 768w, https:\/\/leix.es\/wp-content\/uploads\/2018\/04\/Aran_C4-700x450.jpg 700w\" sizes=\"(max-width: 793px) 100vw, 793px\" \/><\/span><\/a><span class='text_holder'><span class='text_outer'><span class='text_inner'><span class='feature_holder'><span class=\"feature_holder_icons\"><a itemprop='url' class='preview qbutton small white' href='https:\/\/leix.es\/fr\/portfolio_page\/aran\/' target='_self'>voir<\/a><\/span><\/span><\/span><\/span><\/span><\/div><div class='portfolio_description text_align_center'style=background-color:#f2f2f2;'><h5 itemprop=\"name\" class=\"portfolio_title entry_title\"><a itemprop=\"url\" href=\"https:\/\/leix.es\/fr\/portfolio_page\/aran\/\"  target=\"_self\">Ar\u00e1n<\/a><\/h5><\/div><\/article>\n<article class='mix portfolio_category_143 ' style=''><div class='image_holder'><a itemprop='url' class='portfolio_link_for_touch' href='https:\/\/leix.es\/fr\/portfolio_page\/bizkaia\/' target='_self'><span class='image'><img width=\"793\" height=\"510\" src=\"https:\/\/leix.es\/wp-content\/uploads\/2018\/04\/Vizcaya_C1.jpg\" class=\"attachment-full size-full wp-post-image\" alt=\"\" loading=\"lazy\" srcset=\"https:\/\/leix.es\/wp-content\/uploads\/2018\/04\/Vizcaya_C1.jpg 793w, https:\/\/leix.es\/wp-content\/uploads\/2018\/04\/Vizcaya_C1-300x193.jpg 300w, https:\/\/leix.es\/wp-content\/uploads\/2018\/04\/Vizcaya_C1-768x494.jpg 768w, https:\/\/leix.es\/wp-content\/uploads\/2018\/04\/Vizcaya_C1-700x450.jpg 700w\" sizes=\"(max-width: 793px) 100vw, 793px\" \/><\/span><\/a><span class='text_holder'><span class='text_outer'><span class='text_inner'><span class='feature_holder'><span class=\"feature_holder_icons\"><a itemprop='url' class='preview qbutton small white' href='https:\/\/leix.es\/fr\/portfolio_page\/bizkaia\/' target='_self'>voir<\/a><\/span><\/span><\/span><\/span><\/span><\/div><div class='portfolio_description text_align_center'style=background-color:#f2f2f2;'><h5 itemprop=\"name\" class=\"portfolio_title entry_title\"><a itemprop=\"url\" href=\"https:\/\/leix.es\/fr\/portfolio_page\/bizkaia\/\"  target=\"_self\">Bizkaia<\/a><\/h5><\/div><\/article>\n<article class='mix portfolio_category_143 ' style=''><div class='image_holder'><a itemprop='url' class='portfolio_link_for_touch' href='https:\/\/leix.es\/fr\/portfolio_page\/elba\/' target='_self'><span class='image'><img width=\"793\" height=\"510\" src=\"https:\/\/leix.es\/wp-content\/uploads\/2018\/04\/elba_C1.jpg\" class=\"attachment-full size-full wp-post-image\" alt=\"\" loading=\"lazy\" srcset=\"https:\/\/leix.es\/wp-content\/uploads\/2018\/04\/elba_C1.jpg 793w, https:\/\/leix.es\/wp-content\/uploads\/2018\/04\/elba_C1-300x193.jpg 300w, https:\/\/leix.es\/wp-content\/uploads\/2018\/04\/elba_C1-768x494.jpg 768w, https:\/\/leix.es\/wp-content\/uploads\/2018\/04\/elba_C1-700x450.jpg 700w\" sizes=\"(max-width: 793px) 100vw, 793px\" \/><\/span><\/a><span class='text_holder'><span class='text_outer'><span class='text_inner'><span class='feature_holder'><span class=\"feature_holder_icons\"><a itemprop='url' class='preview qbutton small white' href='https:\/\/leix.es\/fr\/portfolio_page\/elba\/' target='_self'>voir<\/a><\/span><\/span><\/span><\/span><\/span><\/div><div class='portfolio_description text_align_center'style=background-color:#f2f2f2;'><h5 itemprop=\"name\" class=\"portfolio_title entry_title\"><a itemprop=\"url\" href=\"https:\/\/leix.es\/fr\/portfolio_page\/elba\/\"  target=\"_self\">Elba<\/a><\/h5><\/div><\/article>\n<article class='mix portfolio_category_143 ' style=''><div class='image_holder'><a itemprop='url' class='portfolio_link_for_touch' href='https:\/\/leix.es\/fr\/portfolio_page\/burdeos\/' target='_self'><span class='image'><img width=\"793\" height=\"510\" src=\"https:\/\/leix.es\/wp-content\/uploads\/2018\/04\/Burdeos_C4.jpg\" class=\"attachment-full size-full wp-post-image\" alt=\"\" loading=\"lazy\" srcset=\"https:\/\/leix.es\/wp-content\/uploads\/2018\/04\/Burdeos_C4.jpg 793w, https:\/\/leix.es\/wp-content\/uploads\/2018\/04\/Burdeos_C4-300x193.jpg 300w, https:\/\/leix.es\/wp-content\/uploads\/2018\/04\/Burdeos_C4-768x494.jpg 768w, https:\/\/leix.es\/wp-content\/uploads\/2018\/04\/Burdeos_C4-700x450.jpg 700w\" sizes=\"(max-width: 793px) 100vw, 793px\" \/><\/span><\/a><span class='text_holder'><span class='text_outer'><span class='text_inner'><span class='feature_holder'><span class=\"feature_holder_icons\"><a itemprop='url' class='preview qbutton small white' href='https:\/\/leix.es\/fr\/portfolio_page\/burdeos\/' target='_self'>voir<\/a><\/span><\/span><\/span><\/span><\/span><\/div><div class='portfolio_description text_align_center'style=background-color:#f2f2f2;'><h5 itemprop=\"name\" class=\"portfolio_title entry_title\"><a itemprop=\"url\" href=\"https:\/\/leix.es\/fr\/portfolio_page\/burdeos\/\"  target=\"_self\">Burdeos<\/a><\/h5><\/div><\/article>\n<div class='filler'><\/div>\n<div class='filler'><\/div>\n<div class='filler'><\/div>\n<div class='filler'><\/div>\n<\/div><\/div>[\/vc_column][\/vc_row][vc_row css_animation=\u00a0\u00bb\u00a0\u00bb row_type=\u00a0\u00bbrow\u00a0\u00bb use_row_as_full_screen_section=\u00a0\u00bbno\u00a0\u00bb type=\u00a0\u00bbfull_width\u00a0\u00bb angled_section=\u00a0\u00bbno\u00a0\u00bb text_align=\u00a0\u00bbleft\u00a0\u00bb background_image_as_pattern=\u00a0\u00bbwithout_pattern\u00a0\u00bb padding_top=\u00a0\u00bb46&Prime; padding_bottom=\u00a0\u00bb49&Prime; css=\u00a0\u00bb.vc_custom_1524836964950{background-color: #323231 !important;}\u00a0\u00bb z_index=\u00a0\u00bb\u00a0\u00bb][vc_column]<div class=\"call_to_action normal\" style=\"background-color: #323231;padding-top: 15px;padding-bottom: 15px;\"><div class=\"container_inner\"><div class=\"two_columns_75_25 clearfix\"><div class=\"text_wrapper column1\"><div class=\"call_to_action_text \" style=\"\">\n<h4>N&rsquo;attendez plus et r\u00e9alisez la cuisine que vous imaginez<\/h4>\n<\/div><\/div><div class=\"button_wrapper column2\"><a itemprop=\"url\" href=\"\/fr\/contact\/\" class=\"qbutton white large\" target=\"_self\" style=\"color: #ffffff;border-color: #ffffff;background-color: #323231;\"data-hover-background-color=#ffffff data-hover-border-color=#ffffff data-hover-color=#323231>Appelez nous<\/a><\/div><\/div><\/div><\/div>[\/vc_column][\/vc_row]<\/p>\n","protected":false},"excerpt":{"rendered":"<p>[vc_row css_animation=\u00a0\u00bb\u00a0\u00bb row_type=\u00a0\u00bbrow\u00a0\u00bb use_row_as_full_screen_section=\u00a0\u00bbno\u00a0\u00bb type=\u00a0\u00bbgrid\u00a0\u00bb angled_section=\u00a0\u00bbno\u00a0\u00bb text_align=\u00a0\u00bbleft\u00a0\u00bb background_image_as_pattern=\u00a0\u00bbwithout_pattern\u00a0\u00bb z_index=\u00a0\u00bb\u00a0\u00bb css=\u00a0\u00bb.vc_custom_1526398715072{padding-bottom: 60px !important;}\u00a0\u00bb][vc_column][vc_column_text css=\u00a0\u00bb.vc_custom_1553795707148{padding-bottom: 50px !important;}\u00a0\u00bb] Design, fonctionnalit\u00e9, qualit\u00e9, mat\u00e9riaux et accessoires en parfaite harmonie et conjonction. Chaque d\u00e9tail est \u00e9tudi\u00e9 et r\u00e9fl\u00e9chi. Chaque meuble est fabriqu\u00e9 consciencieusement. Chaque composant est v\u00e9rifi\u00e9 et sa qualit\u00e9 est&#8230;<\/p>\n","protected":false},"author":1,"featured_media":0,"parent":16348,"menu_order":0,"comment_status":"open","ping_status":"closed","template":"full_width.php","meta":[],"_links":{"self":[{"href":"https:\/\/leix.es\/fr\/wp-json\/wp\/v2\/pages\/16358\/"}],"collection":[{"href":"https:\/\/leix.es\/fr\/wp-json\/wp\/v2\/pages\/"}],"about":[{"href":"https:\/\/leix.es\/fr\/wp-json\/wp\/v2\/types\/page\/"}],"author":[{"embeddable":true,"href":"https:\/\/leix.es\/fr\/wp-json\/wp\/v2\/users\/1\/"}],"replies":[{"embeddable":true,"href":"https:\/\/leix.es\/fr\/wp-json\/wp\/v2\/comments\/?post=16358"}],"version-history":[{"count":6,"href":"https:\/\/leix.es\/fr\/wp-json\/wp\/v2\/pages\/16358\/revisions\/"}],"predecessor-version":[{"id":16762,"href":"https:\/\/leix.es\/fr\/wp-json\/wp\/v2\/pages\/16358\/revisions\/16762\/"}],"up":[{"embeddable":true,"href":"https:\/\/leix.es\/fr\/wp-json\/wp\/v2\/pages\/16348\/"}],"wp:attachment":[{"href":"https:\/\/leix.es\/fr\/wp-json\/wp\/v2\/media\/?parent=16358"}],"curies":[{"name":"wp","href":"https:\/\/api.w.org\/{rel}","templated":true}]}}