{"id":16354,"date":"2018-04-21T14:38:29","date_gmt":"2018-04-21T14:38:29","guid":{"rendered":"http:\/\/leix.es\/nuestras-cocinas\/accesorios\/"},"modified":"2019-04-25T11:36:08","modified_gmt":"2019-04-25T11:36:08","slug":"accessoires","status":"publish","type":"page","link":"https:\/\/leix.es\/fr\/nos-cuisines\/accessoires\/","title":{"rendered":"Accessoires"},"content":{"rendered":"<p>[vc_row css_animation=\u00a0\u00bb\u00a0\u00bb row_type=\u00a0\u00bbrow\u00a0\u00bb use_row_as_full_screen_section=\u00a0\u00bbno\u00a0\u00bb type=\u00a0\u00bbgrid\u00a0\u00bb angled_section=\u00a0\u00bbno\u00a0\u00bb text_align=\u00a0\u00bbleft\u00a0\u00bb background_image_as_pattern=\u00a0\u00bbwithout_pattern\u00a0\u00bb z_index=\u00a0\u00bb\u00a0\u00bb css=\u00a0\u00bb.vc_custom_1526559620982{padding-bottom: 10px !important;}\u00a0\u00bb][vc_column][vc_column_text]<\/p>\n<p style=\"font-size: 18px; text-align: center;\">Un travail ou un produit de qualit\u00e9 se reconnait rapidement lorsque l\u2019on observe le go\u00fbt et le soin appliqu\u00e9s dans les moindres d\u00e9tails. Par cons\u00e9quent, chez\u00a0<strong><span style=\"color: #323231;\">l&rsquo;eix<\/span><\/strong>\u00a0nous ne nous contentons pas d\u2019avoir une gamme large et vari\u00e9e de meubles, de finitions et de mat\u00e9riaux, concevant chaque cuisine selon les go\u00fbts et les besoins de chaque client et garantissant sa fonctionnalit\u00e9, mais nous voulons la perfection dans chaque cuisine, presque une \u0153uvre d\u2019art.<\/p>\n<p>&nbsp;<\/p>\n<p style=\"font-size: 18px; text-align: center;\">Nous avons donc toutes sortes d&rsquo;accessoires et de poign\u00e9es qui personnalisera votre cuisine, en maximisant sa fonctionnalit\u00e9 et son confort.<\/p>\n<p>&nbsp;<\/p>\n<p style=\"font-size: 18px; text-align: center;\">D\u00e9couvrez quelques-uns des accessoires que nous pouvons vous proposer!<\/p>\n<p>[\/vc_column_text][\/vc_column][\/vc_row][vc_row css_animation=\u00a0\u00bb\u00a0\u00bb row_type=\u00a0\u00bbrow\u00a0\u00bb use_row_as_full_screen_section=\u00a0\u00bbno\u00a0\u00bb type=\u00a0\u00bbgrid\u00a0\u00bb angled_section=\u00a0\u00bbno\u00a0\u00bb text_align=\u00a0\u00bbleft\u00a0\u00bb background_image_as_pattern=\u00a0\u00bbwithout_pattern\u00a0\u00bb css=\u00a0\u00bb.vc_custom_1524772499075{padding-bottom: 80px !important;}\u00a0\u00bb z_index=\u00a0\u00bb\u00a0\u00bb][vc_column]<div id=\"advanced-tabs-desc-wrap-8985\" class=\"ult_tabs accesorios\" style=\" \" data-tabsstyle=\"style2\"\n data-titlebg=\"#ffffff\" data-titlecolor=\"#323231\" data-fullheight=\"off\"\n data-titlehoverbg=\"#ffffff\" data-titlehovercolor=\"#a21114\"\n data-rotatetabs=\"0\" data-responsivemode=\"Both\" data-animation=\"Scale\"\ndata-activetitle=\"#a21114\" data-activeicon=\"\" data-activebg=\"#ffffff\"  data-respmode=\"Accordion\" data-respwidth=\"500\" data-scroll = \"on\" data-activeindex=\"1\"><ul id=advanced-tabs-wrap-9137 class=\"ult_tabmenu style2 \" style=\"color:transparent;border-bottom-color:transparent;border-bottom-width:0px;border-bottom-style:solid;border-bottom-width:0px;\"><li class=\"ult_tab_li  \" data-iconcolor=\"#74777b\" data-iconhover=\"#ffffff\" style=\"\">\n\t\t\t\t\t<a href=\"#1524754855494-2\"  id=\"1524754855494-2\"  style=\"color:#323231;background-color:#ffffff;border-top-left-radius:0px;;   \" class=\"ult_a  \">\n\t\t\t\t\t     <span class=\"ult_tab_main Both \">\n\t\t\t\t\t \t\t <span class=\"ult_tab_section\">\n\t\t\t\t\t   \t\t\t<span  data-ultimate-target='#advanced-tabs-wrap-9137 .ult-span-text'  data-responsive-json-new='{\"font-size\":\"desktop:15px;\",\"line-height\":\"\"}'  class=\"ult-span-text no_icon ult_tab_display_text ult-responsive\" style=\";\">Organise<\/span>\n\t\t\t\t\t   \t\t<\/span>\n\t\t\t\t\t\t<\/span>\n\t\t\t\t\t<\/a>\n\t\t\t\t\t<\/li><li class=\"ult_tab_li  \" data-iconcolor=\"#74777b\" data-iconhover=\"#ffffff\" style=\"\">\n\t\t\t\t\t<a href=\"#1524754855524-2\"  id=\"1524754855524-2\"  style=\"color:#323231;background-color:#ffffff;;   \" class=\"ult_a  \">\n\t\t\t\t\t     <span class=\"ult_tab_main Both \">\n\t\t\t\t\t \t\t <span class=\"ult_tab_section\">\n\t\t\t\t\t   \t\t\t<span  data-ultimate-target='#advanced-tabs-wrap-9137 .ult-span-text'  data-responsive-json-new='{\"font-size\":\"desktop:15px;\",\"line-height\":\"\"}'  class=\"ult-span-text no_icon ult_tab_display_text ult-responsive\" style=\";\">Stocke et r\u00e9sout<\/span>\n\t\t\t\t\t   \t\t<\/span>\n\t\t\t\t\t\t<\/span>\n\t\t\t\t\t<\/a>\n\t\t\t\t\t<\/li><li class=\"ult_tab_li  \" data-iconcolor=\"#74777b\" data-iconhover=\"#ffffff\" style=\"\">\n\t\t\t\t\t<a href=\"#1524759209021-2-4\"  id=\"1524759209021-2-4\"  style=\"color:#323231;background-color:#ffffff;border-top-right-radius:0px;;   \" class=\"ult_a  \">\n\t\t\t\t\t     <span class=\"ult_tab_main Both \">\n\t\t\t\t\t \t\t <span class=\"ult_tab_section\">\n\t\t\t\t\t   \t\t\t<span  data-ultimate-target='#advanced-tabs-wrap-9137 .ult-span-text'  data-responsive-json-new='{\"font-size\":\"desktop:15px;\",\"line-height\":\"\"}'  class=\"ult-span-text no_icon ult_tab_display_text ult-responsive\" style=\";\">Recycler et nettoyer<\/span>\n\t\t\t\t\t   \t\t<\/span>\n\t\t\t\t\t\t<\/span>\n\t\t\t\t\t<\/a>\n\t\t\t\t\t<\/li><\/ul><div  data-ultimate-target='#advanced-tabs-desc-wrap-8985 .ult_tabcontent .ult_tab_min_contain  p'  data-responsive-json-new='{\"font-size\":\"\",\"line-height\":\"\"}' class=\"ult_tabcontent ult-responsive style2\" style=\"background-color:#ffffff;border-style:none; border-width:1px;border-radius:0px; border-color:#000000;color:#74777b;\"><div class=\"ult_tab_min_contain \" >\n\t\t\t<div  class=\"ult_tabitemname\"  >\n\t\t\t\t[vc_gallery type=\u00a0\u00bbimage_grid\u00a0\u00bb images=\u00a0\u00bb16481,16482,16483,16484,16485,16486,16487,16488,16489,16490,16491,16492,16493&Prime; img_size=\u00a0\u00bb214&#215;124&Prime; css_animation=\u00a0\u00bbfadeIn\u00a0\u00bb column_number=\u00a0\u00bb4&Prime; grayscale=\u00a0\u00bbno\u00a0\u00bb images_space=\u00a0\u00bbgallery_with_space\u00a0\u00bb]\n\t\t\t<\/div>\n\t\t\t<div  class=\"ult_tabitemname\"  >\n\t\t\t\t[vc_gallery type=\u00a0\u00bbimage_grid\u00a0\u00bb images=\u00a0\u00bb16508,16507,16506,16505,16504,16503,16502,16496,16497,16498,16499,16500,16501,16495,16494&Prime; img_size=\u00a0\u00bb214&#215;152&Prime; css_animation=\u00a0\u00bbfadeIn\u00a0\u00bb column_number=\u00a0\u00bb4&Prime; grayscale=\u00a0\u00bbno\u00a0\u00bb images_space=\u00a0\u00bbgallery_with_space\u00a0\u00bb]\n\t\t\t<\/div>\n\t\t\t<div  class=\"ult_tabitemname\"  >\n\t\t\t\t[vc_gallery type=\u00a0\u00bbimage_grid\u00a0\u00bb images=\u00a0\u00bb16516,16517,16518,16519,16520,16521,16522&Prime; img_size=\u00a0\u00bb214&#215;152&Prime; css_animation=\u00a0\u00bbfadeIn\u00a0\u00bb column_number=\u00a0\u00bb4&Prime; grayscale=\u00a0\u00bbno\u00a0\u00bb images_space=\u00a0\u00bbgallery_with_space\u00a0\u00bb]\n\t\t\t<\/div><\/div><\/div><\/div><div class=\"ult_acord advanced-tabs-desc-wrap-8985\">\n   <div class=\"ult-tabto-accordion \" style=\"width:;\"\n    data-titlecolor=\"#323231\"  data-titlebg=\"#ffffff\"\n     data-titlehoverbg=\"#ffffff\" data-titlehovercolor=\"#a21114\" data-animation=\"Scale\"\n     data-activetitle=\"#a21114\" data-activeicon=\"\" data-activebg=\"#ffffff\" data-scroll = \"on\" data-activeindex=\"1\" >\n     <dl><dt class=\"\">\n\t        \t<a class=\"ult-tabto-actitle withBorder ult_a \" id=\"1524754855494-2\" style=\"color:#323231;;background-color:#ffffff;border-bottom-color:transparent;border-bottom-width:0px;border-bottom-style:solid;\" href=\"#1524754855494-2\">\n\t        \t\t<i class=\"accordion-icon\"><\/i>\n\t        \t\t\t<span class=\"ult_tab_main ult_ac_main ult_noacordicnBoth\">\n\n\t\t\t\t\t\t<span  data-ultimate-target='#advanced-tabs-wrap-9137 .ult-span-text'  data-responsive-json-new='{\"font-size\":\"desktop:15px;\",\"line-height\":\"\"}'  class=\"ult-span-text no_icon ult_acordian-text ult-responsive\" style=\";color:inherit \" >Organise<\/span>\n\t\t\t\t\t\t<\/span><\/a><\/dt>\n\t            \t\t<dd class=\"ult-tabto-accordionItem ult-tabto-accolapsed\">\n\t\t\t\t            <div class=\"ult-tabto-acontent\" style=\"background-color:#ffffff;border-style:none; border-width:1px;border-radius:0px; border-color:#000000;color:#74777b;\">\n\t\t\t\t               [vc_gallery type=\u00a0\u00bbimage_grid\u00a0\u00bb images=\u00a0\u00bb16481,16482,16483,16484,16485,16486,16487,16488,16489,16490,16491,16492,16493&Prime; img_size=\u00a0\u00bb214&#215;124&Prime; css_animation=\u00a0\u00bbfadeIn\u00a0\u00bb column_number=\u00a0\u00bb4&Prime; grayscale=\u00a0\u00bbno\u00a0\u00bb images_space=\u00a0\u00bbgallery_with_space\u00a0\u00bb]\n\t\t\t\t            <\/div>\n\t        \t\t\t<\/dd><dt class=\"\">\n\t        \t<a class=\"ult-tabto-actitle withBorder ult_a \" id=\"1524754855524-2\" style=\"color:#323231;;background-color:#ffffff;border-bottom-color:transparent;border-bottom-width:0px;border-bottom-style:solid;border-bottom-color:transparent;border-bottom-width:0px;border-bottom-style:solid;\" href=\"#1524754855524-2\">\n\t        \t\t<i class=\"accordion-icon\"><\/i>\n\t        \t\t\t<span class=\"ult_tab_main ult_ac_main ult_noacordicnBoth\">\n\n\t\t\t\t\t\t<span  data-ultimate-target='#advanced-tabs-wrap-9137 .ult-span-text'  data-responsive-json-new='{\"font-size\":\"desktop:15px;\",\"line-height\":\"\"}'  class=\"ult-span-text no_icon ult_acordian-text ult-responsive\" style=\";color:inherit \" >Stocke et r\u00e9sout<\/span>\n\t\t\t\t\t\t<\/span><\/a><\/dt>\n\t            \t\t<dd class=\"ult-tabto-accordionItem ult-tabto-accolapsed\">\n\t\t\t\t            <div class=\"ult-tabto-acontent\" style=\"background-color:#ffffff;border-style:none; border-width:1px;border-radius:0px; border-color:#000000;color:#74777b;\">\n\t\t\t\t               [vc_gallery type=\u00a0\u00bbimage_grid\u00a0\u00bb images=\u00a0\u00bb16508,16507,16506,16505,16504,16503,16502,16496,16497,16498,16499,16500,16501,16495,16494&Prime; img_size=\u00a0\u00bb214&#215;152&Prime; css_animation=\u00a0\u00bbfadeIn\u00a0\u00bb column_number=\u00a0\u00bb4&Prime; grayscale=\u00a0\u00bbno\u00a0\u00bb images_space=\u00a0\u00bbgallery_with_space\u00a0\u00bb]\n\t\t\t\t            <\/div>\n\t        \t\t\t<\/dd><dt class=\"\">\n\t        \t<a class=\"ult-tabto-actitle withBorder ult_a \" id=\"1524759209021-2-4\" style=\"color:#323231;;background-color:#ffffff;border-bottom-color:transparent;border-bottom-width:0px;border-bottom-style:solid;border-bottom-color:transparent;border-bottom-width:0px;border-bottom-style:solid;border-bottom-color:transparent;border-bottom-width:0px;border-bottom-style:solid;\" href=\"#1524759209021-2-4\">\n\t        \t\t<i class=\"accordion-icon\"><\/i>\n\t        \t\t\t<span class=\"ult_tab_main ult_ac_main ult_noacordicnBoth\">\n\n\t\t\t\t\t\t<span  data-ultimate-target='#advanced-tabs-wrap-9137 .ult-span-text'  data-responsive-json-new='{\"font-size\":\"desktop:15px;\",\"line-height\":\"\"}'  class=\"ult-span-text no_icon ult_acordian-text ult-responsive\" style=\";color:inherit \" >Recycler et nettoyer<\/span>\n\t\t\t\t\t\t<\/span><\/a><\/dt>\n\t            \t\t<dd class=\"ult-tabto-accordionItem ult-tabto-accolapsed\">\n\t\t\t\t            <div class=\"ult-tabto-acontent\" style=\"background-color:#ffffff;border-style:none; border-width:1px;border-radius:0px; border-color:#000000;color:#74777b;\">\n\t\t\t\t               [vc_gallery type=\u00a0\u00bbimage_grid\u00a0\u00bb images=\u00a0\u00bb16516,16517,16518,16519,16520,16521,16522&Prime; img_size=\u00a0\u00bb214&#215;152&Prime; css_animation=\u00a0\u00bbfadeIn\u00a0\u00bb column_number=\u00a0\u00bb4&Prime; grayscale=\u00a0\u00bbno\u00a0\u00bb images_space=\u00a0\u00bbgallery_with_space\u00a0\u00bb]\n\t\t\t\t            <\/div>\n\t        \t\t\t<\/dd>\n    \t<\/dl>\n    <!--<div class=\"extraborder\" style=\"background-color:#ffffff\"><\/div>-->\n<\/div>\n\n<\/div>[\/vc_column][\/vc_row][vc_row css_animation=\u00a0\u00bb\u00a0\u00bb row_type=\u00a0\u00bbrow\u00a0\u00bb use_row_as_full_screen_section=\u00a0\u00bbno\u00a0\u00bb type=\u00a0\u00bbfull_width\u00a0\u00bb angled_section=\u00a0\u00bbno\u00a0\u00bb text_align=\u00a0\u00bbleft\u00a0\u00bb background_image_as_pattern=\u00a0\u00bbwithout_pattern\u00a0\u00bb padding_top=\u00a0\u00bb46&Prime; padding_bottom=\u00a0\u00bb49&Prime; css=\u00a0\u00bb.vc_custom_1524772585208{background-color: #323231 !important;}\u00a0\u00bb z_index=\u00a0\u00bb\u00a0\u00bb][vc_column]<div class=\"call_to_action normal\" style=\"background-color: #323231;padding-top: 15px;padding-bottom: 15px;\"><div class=\"container_inner\"><div class=\"two_columns_75_25 clearfix\"><div class=\"text_wrapper column1\"><div class=\"call_to_action_text \" style=\"\">\n<h4>Des cuisines de design et de qualit\u00e9 jusque dans les moindres d\u00e9tails<\/h4>\n<\/div><\/div><div class=\"button_wrapper column2\"><a itemprop=\"url\" href=\"\/fr\/contact\/\" class=\"qbutton white large\" target=\"_self\" style=\"color: #ffffff;border-color: #ffffff;background-color: #323231;\"data-hover-background-color=#ffffff data-hover-border-color=#ffffff data-hover-color=#323231>Appelez nous<\/a><\/div><\/div><\/div><\/div>[\/vc_column][\/vc_row]<\/p>\n","protected":false},"excerpt":{"rendered":"<p>[vc_row css_animation=\u00a0\u00bb\u00a0\u00bb row_type=\u00a0\u00bbrow\u00a0\u00bb use_row_as_full_screen_section=\u00a0\u00bbno\u00a0\u00bb type=\u00a0\u00bbgrid\u00a0\u00bb angled_section=\u00a0\u00bbno\u00a0\u00bb text_align=\u00a0\u00bbleft\u00a0\u00bb background_image_as_pattern=\u00a0\u00bbwithout_pattern\u00a0\u00bb z_index=\u00a0\u00bb\u00a0\u00bb css=\u00a0\u00bb.vc_custom_1526559620982{padding-bottom: 10px !important;}\u00a0\u00bb][vc_column][vc_column_text] Un travail ou un produit de qualit\u00e9 se reconnait rapidement lorsque l\u2019on observe le go\u00fbt et le soin appliqu\u00e9s dans les moindres d\u00e9tails. Par cons\u00e9quent, chez\u00a0l&rsquo;eix\u00a0nous ne nous contentons pas d\u2019avoir une gamme&#8230;<\/p>\n","protected":false},"author":1,"featured_media":0,"parent":16348,"menu_order":0,"comment_status":"closed","ping_status":"closed","template":"full_width.php","meta":[],"_links":{"self":[{"href":"https:\/\/leix.es\/fr\/wp-json\/wp\/v2\/pages\/16354\/"}],"collection":[{"href":"https:\/\/leix.es\/fr\/wp-json\/wp\/v2\/pages\/"}],"about":[{"href":"https:\/\/leix.es\/fr\/wp-json\/wp\/v2\/types\/page\/"}],"author":[{"embeddable":true,"href":"https:\/\/leix.es\/fr\/wp-json\/wp\/v2\/users\/1\/"}],"replies":[{"embeddable":true,"href":"https:\/\/leix.es\/fr\/wp-json\/wp\/v2\/comments\/?post=16354"}],"version-history":[{"count":7,"href":"https:\/\/leix.es\/fr\/wp-json\/wp\/v2\/pages\/16354\/revisions\/"}],"predecessor-version":[{"id":16780,"href":"https:\/\/leix.es\/fr\/wp-json\/wp\/v2\/pages\/16354\/revisions\/16780\/"}],"up":[{"embeddable":true,"href":"https:\/\/leix.es\/fr\/wp-json\/wp\/v2\/pages\/16348\/"}],"wp:attachment":[{"href":"https:\/\/leix.es\/fr\/wp-json\/wp\/v2\/media\/?parent=16354"}],"curies":[{"name":"wp","href":"https:\/\/api.w.org\/{rel}","templated":true}]}}